{"id":84953,"date":"2025-11-13T15:03:36","date_gmt":"2025-11-13T14:03:36","guid":{"rendered":"https:\/\/www.liberon.be\/?post_type=product&#038;p=84953"},"modified":"2025-11-14T13:09:29","modified_gmt":"2025-11-14T12:09:29","slug":"notenbeits","status":"publish","type":"product","link":"https:\/\/www.liberon.be\/nl\/product\/notenbeits\/","title":{"rendered":"NOTENBEITS"},"content":{"rendered":"\t\t<div data-elementor-type=\"wp-post\" data-elementor-id=\"84953\" class=\"elementor elementor-84953 elementor-84945\">\n\t\t\t\t\t\t<section class=\"elementor-section elementor-top-section elementor-element elementor-element-45149ee elementor-section-boxed elementor-section-height-default elementor-section-height-default\" data-id=\"45149ee\" data-element_type=\"section\">\n\t\t\t\t\t\t<div class=\"elementor-container elementor-column-gap-default\">\n\t\t\t\t\t<div class=\"elementor-column elementor-col-100 elementor-top-column elementor-element elementor-element-0ec47aa\" data-id=\"0ec47aa\" data-element_type=\"column\">\n\t\t\t<div class=\"elementor-widget-wrap elementor-element-populated\">\n\t\t\t\t\t\t<div class=\"elementor-element elementor-element-a78689f elementor-widget elementor-widget-text-editor\" data-id=\"a78689f\" data-element_type=\"widget\" data-widget_type=\"text-editor.default\">\n\t\t\t\t<div class=\"elementor-widget-container\">\n\t\t\t\t\t\t\t<p><span class=\"txt-red\" style=\"font-weight: bold;\">Goed om te weten:<\/span>\u00a0de kleuren op de site zijn zo gelijkend mogelijk. Toch kunnen de kleuren verschillen afhankelijk van de instellingen en de resolutie van uw scherm. We kunnen onwille van deze redenen geen exact resultaat garanderen.<\/p>\t\t\t\t\t\t<\/div>\n\t\t\t\t<\/div>\n\t\t\t\t\t<\/div>\n\t\t<\/div>\n\t\t\t\t\t<\/div>\n\t\t<\/section>\n\t\t\t\t<section class=\"elementor-section elementor-top-section elementor-element elementor-element-0dc95be elementor-section-boxed elementor-section-height-default elementor-section-height-default\" data-id=\"0dc95be\" data-element_type=\"section\">\n\t\t\t\t\t\t<div class=\"elementor-container elementor-column-gap-default\">\n\t\t\t\t\t<div class=\"elementor-column elementor-col-25 elementor-top-column elementor-element elementor-element-227c376\" data-id=\"227c376\" data-element_type=\"column\">\n\t\t\t<div class=\"elementor-widget-wrap elementor-element-populated\">\n\t\t\t\t\t\t<div class=\"elementor-element elementor-element-e37d699 elementor-widget__width-initial elementor-position-top elementor-widget elementor-widget-image-box\" data-id=\"e37d699\" data-element_type=\"widget\" data-widget_type=\"image-box.default\">\n\t\t\t\t<div class=\"elementor-widget-container\">\n\t\t\t<div class=\"elementor-image-box-wrapper\"><figure class=\"elementor-image-box-img\"><img  title=\"NOTENBEITS\" decoding=\"async\" width=\"100\" height=\"100\" src=\"https:\/\/www.liberon.be\/wp-content\/uploads\/2025\/10\/Pictos150x150_0018_2u-1-100x100.png\" class=\"attachment-variation_swatches_tooltip_size size-variation_swatches_tooltip_size wp-image-83133\" alt=\"NOTENBEITS\"  srcset=\"https:\/\/www.liberon.be\/wp-content\/uploads\/2025\/10\/Pictos150x150_0018_2u-1-100x100.png 100w, https:\/\/www.liberon.be\/wp-content\/uploads\/2025\/10\/Pictos150x150_0018_2u-1-50x50.png 50w, https:\/\/www.liberon.be\/wp-content\/uploads\/2025\/10\/Pictos150x150_0018_2u-1.png 150w\" sizes=\"(max-width: 100px) 100vw, 100px\" \/><\/figure><div class=\"elementor-image-box-content\"><p class=\"elementor-image-box-title\">Droogtijd<\/p><\/div><\/div>\t\t<\/div>\n\t\t\t\t<\/div>\n\t\t\t\t\t<\/div>\n\t\t<\/div>\n\t\t\t\t<div class=\"elementor-column elementor-col-25 elementor-top-column elementor-element elementor-element-be449ef\" data-id=\"be449ef\" data-element_type=\"column\">\n\t\t\t<div class=\"elementor-widget-wrap elementor-element-populated\">\n\t\t\t\t\t\t<div class=\"elementor-element elementor-element-e916cd6 elementor-position-top elementor-widget elementor-widget-image-box\" data-id=\"e916cd6\" data-element_type=\"widget\" data-widget_type=\"image-box.default\">\n\t\t\t\t<div class=\"elementor-widget-container\">\n\t\t\t<div class=\"elementor-image-box-wrapper\"><figure class=\"elementor-image-box-img\"><img  title=\"NOTENBEITS\" decoding=\"async\" width=\"100\" height=\"100\" src=\"https:\/\/www.liberon.be\/wp-content\/uploads\/2025\/10\/Pictos150x150_0021_eau_water-1-100x100.png\" class=\"attachment-variation_swatches_tooltip_size size-variation_swatches_tooltip_size wp-image-83135\" alt=\"NOTENBEITS\"  srcset=\"https:\/\/www.liberon.be\/wp-content\/uploads\/2025\/10\/Pictos150x150_0021_eau_water-1-100x100.png 100w, https:\/\/www.liberon.be\/wp-content\/uploads\/2025\/10\/Pictos150x150_0021_eau_water-1-50x50.png 50w, https:\/\/www.liberon.be\/wp-content\/uploads\/2025\/10\/Pictos150x150_0021_eau_water-1.png 150w\" sizes=\"(max-width: 100px) 100vw, 100px\" \/><\/figure><div class=\"elementor-image-box-content\"><p class=\"elementor-image-box-title\">Reiniging met water<\/p><\/div><\/div>\t\t<\/div>\n\t\t\t\t<\/div>\n\t\t\t\t\t<\/div>\n\t\t<\/div>\n\t\t\t\t<div class=\"elementor-column elementor-col-25 elementor-top-column elementor-element elementor-element-375d54c\" data-id=\"375d54c\" data-element_type=\"column\">\n\t\t\t<div class=\"elementor-widget-wrap elementor-element-populated\">\n\t\t\t\t\t\t<div class=\"elementor-element elementor-element-e335847 elementor-position-top elementor-widget elementor-widget-image-box\" data-id=\"e335847\" data-element_type=\"widget\" data-widget_type=\"image-box.default\">\n\t\t\t\t<div class=\"elementor-widget-container\">\n\t\t\t<div class=\"elementor-image-box-wrapper\"><figure class=\"elementor-image-box-img\"><img  title=\"NOTENBEITS\" decoding=\"async\" width=\"100\" height=\"100\" src=\"https:\/\/www.liberon.be\/wp-content\/uploads\/2025\/10\/Pictos150x150_0005_brosse-a-ceruser-et-chiffon-1-100x100.png\" class=\"attachment-variation_swatches_tooltip_size size-variation_swatches_tooltip_size wp-image-83137\" alt=\"NOTENBEITS\"  srcset=\"https:\/\/www.liberon.be\/wp-content\/uploads\/2025\/10\/Pictos150x150_0005_brosse-a-ceruser-et-chiffon-1-100x100.png 100w, https:\/\/www.liberon.be\/wp-content\/uploads\/2025\/10\/Pictos150x150_0005_brosse-a-ceruser-et-chiffon-1-50x50.png 50w, https:\/\/www.liberon.be\/wp-content\/uploads\/2025\/10\/Pictos150x150_0005_brosse-a-ceruser-et-chiffon-1.png 150w\" sizes=\"(max-width: 100px) 100vw, 100px\" \/><\/figure><div class=\"elementor-image-box-content\"><p class=\"elementor-image-box-title\">Gereedschap: <br>Borstel of katoenprop\u200b<\/p><\/div><\/div>\t\t<\/div>\n\t\t\t\t<\/div>\n\t\t\t\t\t<\/div>\n\t\t<\/div>\n\t\t\t\t<div class=\"elementor-column elementor-col-25 elementor-top-column elementor-element elementor-element-193ff99\" data-id=\"193ff99\" data-element_type=\"column\">\n\t\t\t<div class=\"elementor-widget-wrap elementor-element-populated\">\n\t\t\t\t\t\t<div class=\"elementor-element elementor-element-9ab5f6c elementor-position-top elementor-widget elementor-widget-image-box\" data-id=\"9ab5f6c\" data-element_type=\"widget\" data-widget_type=\"image-box.default\">\n\t\t\t\t<div class=\"elementor-widget-container\">\n\t\t\t<div class=\"elementor-image-box-wrapper\"><figure class=\"elementor-image-box-img\"><img  title=\"NOTENBEITS\" loading=\"lazy\" decoding=\"async\" width=\"100\" height=\"100\" src=\"https:\/\/www.liberon.be\/wp-content\/uploads\/2025\/10\/Pictos150x150_0022_commode-1-100x100.png\" class=\"attachment-variation_swatches_tooltip_size size-variation_swatches_tooltip_size wp-image-83139\" alt=\"NOTENBEITS\"  srcset=\"https:\/\/www.liberon.be\/wp-content\/uploads\/2025\/10\/Pictos150x150_0022_commode-1-100x100.png 100w, https:\/\/www.liberon.be\/wp-content\/uploads\/2025\/10\/Pictos150x150_0022_commode-1-50x50.png 50w, https:\/\/www.liberon.be\/wp-content\/uploads\/2025\/10\/Pictos150x150_0022_commode-1.png 150w\" sizes=\"(max-width: 100px) 100vw, 100px\" \/><\/figure><div class=\"elementor-image-box-content\"><p class=\"elementor-image-box-title\">0.5L = 8m\u00b2<\/p><\/div><\/div>\t\t<\/div>\n\t\t\t\t<\/div>\n\t\t\t\t\t<\/div>\n\t\t<\/div>\n\t\t\t\t\t<\/div>\n\t\t<\/section>\n\t\t\t\t<section class=\"elementor-section elementor-top-section elementor-element elementor-element-fba0a9a elementor-section-boxed elementor-section-height-default elementor-section-height-default\" data-id=\"fba0a9a\" data-element_type=\"section\">\n\t\t\t\t\t\t<div class=\"elementor-container elementor-column-gap-default\">\n\t\t\t\t\t<div class=\"elementor-column elementor-col-100 elementor-top-column elementor-element elementor-element-b6adef8\" data-id=\"b6adef8\" data-element_type=\"column\">\n\t\t\t<div class=\"elementor-widget-wrap elementor-element-populated\">\n\t\t\t\t\t\t<div class=\"elementor-element elementor-element-13dff4b elementor-widget elementor-widget-heading\" data-id=\"13dff4b\" data-element_type=\"widget\" data-widget_type=\"heading.default\">\n\t\t\t\t<div class=\"elementor-widget-container\">\n\t\t\t<h2 class=\"elementor-heading-title elementor-size-default\">VOORDELEN<\/h2>\t\t<\/div>\n\t\t\t\t<\/div>\n\t\t\t\t<div class=\"elementor-element elementor-element-74df777 elementor-widget elementor-widget-text-editor\" data-id=\"74df777\" data-element_type=\"widget\" data-widget_type=\"text-editor.default\">\n\t\t\t\t<div class=\"elementor-widget-container\">\n\t\t\t\t\t\t\t<ul>\n<li style=\"font-size: 15px;\"><span style=\"font-style: inherit; font-weight: inherit;\">Natuurlijke beits.<\/span><\/li>\n<li>Maskeert fouten in het hout.<\/li>\n<\/ul>\n\t\t\t\t\t\t<\/div>\n\t\t\t\t<\/div>\n\t\t\t\t\t<\/div>\n\t\t<\/div>\n\t\t\t\t\t<\/div>\n\t\t<\/section>\n\t\t\t\t<section class=\"elementor-section elementor-top-section elementor-element elementor-element-5378aef elementor-section-boxed elementor-section-height-default elementor-section-height-default\" data-id=\"5378aef\" data-element_type=\"section\">\n\t\t\t\t\t\t<div class=\"elementor-container elementor-column-gap-default\">\n\t\t\t\t\t<div class=\"elementor-column elementor-col-100 elementor-top-column elementor-element elementor-element-162f0bf\" data-id=\"162f0bf\" data-element_type=\"column\">\n\t\t\t<div class=\"elementor-widget-wrap elementor-element-populated\">\n\t\t\t\t\t\t<div class=\"elementor-element elementor-element-b626e5e elementor-widget elementor-widget-heading\" data-id=\"b626e5e\" data-element_type=\"widget\" data-widget_type=\"heading.default\">\n\t\t\t\t<div class=\"elementor-widget-container\">\n\t\t\t<h2 class=\"elementor-heading-title elementor-size-default\"><span style=\"font-size: 1.5rem;\">GEBRUIKSAANWIJZING<\/span><\/h2>\t\t<\/div>\n\t\t\t\t<\/div>\n\t\t\t\t<div class=\"elementor-element elementor-element-89b8612 elementor-widget elementor-widget-spacer\" data-id=\"89b8612\" data-element_type=\"widget\" data-widget_type=\"spacer.default\">\n\t\t\t\t<div class=\"elementor-widget-container\">\n\t\t\t\t\t<div class=\"elementor-spacer\">\n\t\t\t<div class=\"elementor-spacer-inner\"><\/div>\n\t\t<\/div>\n\t\t\t\t<\/div>\n\t\t\t\t<\/div>\n\t\t\t\t<div class=\"elementor-element elementor-element-5f6b09f elementor-widget elementor-widget-text-editor\" data-id=\"5f6b09f\" data-element_type=\"widget\" data-widget_type=\"text-editor.default\">\n\t\t\t\t<div class=\"elementor-widget-container\">\n\t\t\t\t\t\t\t<p style=\"font-size: 15px; font-style: normal; font-weight: 400; color: #575756;\"><span style=\"font-style: inherit; font-weight: inherit;\">Breng aan op een schone, droge en stofvrije ondergrond.<\/span><\/p><p style=\"font-size: 15px; font-style: normal; font-weight: 400; color: #575756;\"><span style=\"font-style: inherit; font-weight: inherit;\">1. Breng NOTENBEITS naargelang van de gewenste sterkte puur of verdund aan met een borstel of KATOENPROP en volg daarbij de nerven in het hout.<\/span><\/p><p style=\"font-size: 15px; font-style: normal; font-weight: 400; color: #575756;\"><span style=\"font-style: inherit;\">2.\u00a0<\/span><span style=\"font-style: inherit;\">Veeg het overschot onmiddellijk weg met een pluisvrije katoenen doek om de schakering te egaliseren. Laat gedurende 2 uur drogen voordat u\u00a0<\/span><span style=\"font-style: inherit;\">uw afwerkingsproduct<\/span><span style=\"font-style: inherit;\">\u00a0(was, vernis of beits) aanbrengt. Gebruik v\u00f3\u00f3r het boenen BOENAFDICHTINGSMIDDEL van LIB\u00c9RON op intensief gebruikte meubels, om uw beits\u00a0<\/span>te fixeren en te beschermen.<\/p><p style=\"font-size: 15px; font-style: normal; font-weight: 400; color: #575756;\"><span style=\"font-style: inherit;\">Verwijder<\/span><span style=\"font-style: inherit;\">\u00a0na gebruik zoveel mogelijk product van het gereedschap. Gooi restanten zoals vuil water en oplosmiddelen niet weg in de gootsteen, toiletten, riolen, vuilnisbakken, enz.\u00a0<\/span><span style=\"font-style: inherit;\">om vervuiling van het milieu te voorkomen.<\/span><\/p>\t\t\t\t\t\t<\/div>\n\t\t\t\t<\/div>\n\t\t\t\t\t<\/div>\n\t\t<\/div>\n\t\t\t\t\t<\/div>\n\t\t<\/section>\n\t\t\t\t<section class=\"elementor-section elementor-top-section elementor-element elementor-element-9eb74e4 elementor-section-boxed elementor-section-height-default elementor-section-height-default\" data-id=\"9eb74e4\" data-element_type=\"section\">\n\t\t\t\t\t\t<div class=\"elementor-container elementor-column-gap-default\">\n\t\t\t\t\t<div class=\"elementor-column elementor-col-100 elementor-top-column elementor-element elementor-element-a2cb754\" data-id=\"a2cb754\" data-element_type=\"column\">\n\t\t\t<div class=\"elementor-widget-wrap elementor-element-populated\">\n\t\t\t\t\t\t<div class=\"elementor-element elementor-element-d19f4ea elementor-widget elementor-widget-spacer\" data-id=\"d19f4ea\" data-element_type=\"widget\" data-widget_type=\"spacer.default\">\n\t\t\t\t<div class=\"elementor-widget-container\">\n\t\t\t\t\t<div class=\"elementor-spacer\">\n\t\t\t<div class=\"elementor-spacer-inner\"><\/div>\n\t\t<\/div>\n\t\t\t\t<\/div>\n\t\t\t\t<\/div>\n\t\t\t\t<div class=\"elementor-element elementor-element-1de2f64 elementor-widget__width-initial elementor-widget elementor-widget-text-editor\" data-id=\"1de2f64\" data-element_type=\"widget\" data-widget_type=\"text-editor.default\">\n\t\t\t\t<div class=\"elementor-widget-container\">\n\t\t\t\t\t\t\t<p><strong>De droogtijd<\/strong> varieert afhankelijk van de dikte van het aangebrachte product. Het wordt aanbevolen om de aangegeven tijden aan te houden om optimale prestaties te garanderen. <br \/><strong>Het rendement<\/strong> is afhankelijk van het specifieke gebruik en de toepassingsomstandigheden. Het kan vari\u00ebren naargelang de ondergrond, de applicatiemethode en de gebruikte hoeveelheid. <\/p>\n<p><em>Verwijder na gebruik zoveel mogelijk product van het gereedschap. Gooi restanten zoals vuil water en oplosmiddelen niet weg in de gootsteen, toiletten, riolen, vuilnisbakken, enz. om vervuiling van het milieu te voorkomen. <\/em><\/p>\n\t\t\t\t\t\t<\/div>\n\t\t\t\t<\/div>\n\t\t\t\t\t<\/div>\n\t\t<\/div>\n\t\t\t\t\t<\/div>\n\t\t<\/section>\n\t\t\t\t<section class=\"elementor-section elementor-top-section elementor-element elementor-element-b8a86c1 elementor-section-boxed elementor-section-height-default elementor-section-height-default\" data-id=\"b8a86c1\" data-element_type=\"section\">\n\t\t\t\t\t\t<div class=\"elementor-container elementor-column-gap-default\">\n\t\t\t\t\t<div class=\"elementor-column elementor-col-33 elementor-top-column elementor-element elementor-element-f79b41c\" data-id=\"f79b41c\" data-element_type=\"column\" data-settings=\"{&quot;background_background&quot;:&quot;classic&quot;}\">\n\t\t\t<div class=\"elementor-widget-wrap elementor-element-populated\">\n\t\t\t\t\t\t<div class=\"elementor-element elementor-element-e9ee9b4 elementor-view-default elementor-position-top elementor-mobile-position-top elementor-widget elementor-widget-icon-box\" data-id=\"e9ee9b4\" data-element_type=\"widget\" data-widget_type=\"icon-box.default\">\n\t\t\t\t<div class=\"elementor-widget-container\">\n\t\t\t\t\t<div class=\"elementor-icon-box-wrapper\">\n\n\t\t\t\t\t\t<div class=\"elementor-icon-box-icon\">\n\t\t\t\t<a href=\"https:\/\/www.liberon.be\/nl\/contact-met-ons-opnemen\/\" class=\"elementor-icon elementor-animation-\" tabindex=\"-1\">\n\t\t\t\t<i aria-hidden=\"true\" class=\"fas fa-question\"><\/i>\t\t\t\t<\/a>\n\t\t\t<\/div>\n\t\t\t\n\t\t\t\t\t\t<div class=\"elementor-icon-box-content\">\n\n\t\t\t\t\t\t\t\t\t<p class=\"elementor-icon-box-title\">\n\t\t\t\t\t\t<a href=\"https:\/\/www.liberon.be\/nl\/contact-met-ons-opnemen\/\" >\n\t\t\t\t\t\t\tAdvies nodig?\t\t\t\t\t\t<\/a>\n\t\t\t\t\t<\/p>\n\t\t\t\t\n\t\t\t\t\t\t\t\t\t<p class=\"elementor-icon-box-description\">\n\t\t\t\t\t\tOnze Lib\u00e9ron-experts antwoorden u per e-mail of per telefoon om u te helpen met uw renovatieproject.\t\t\t\t\t<\/p>\n\t\t\t\t\n\t\t\t<\/div>\n\t\t\t\n\t\t<\/div>\n\t\t\t\t<\/div>\n\t\t\t\t<\/div>\n\t\t\t\t<div class=\"elementor-element elementor-element-5c40fa8 elementor-align-center elementor-button-info classe-bouton elementor-widget elementor-widget-button\" data-id=\"5c40fa8\" data-element_type=\"widget\" data-widget_type=\"button.default\">\n\t\t\t\t<div class=\"elementor-widget-container\">\n\t\t\t\t\t<div class=\"elementor-button-wrapper\">\n\t\t\t<a class=\"elementor-button elementor-button-link elementor-size-sm\" href=\"https:\/\/www.liberon.be\/nl\/contact-met-ons-opnemen\/\">\n\t\t\t\t\t\t<span class=\"elementor-button-content-wrapper\">\n\t\t\t\t\t\t<span class=\"elementor-button-icon elementor-align-icon-left\">\n\t\t\t\t<i aria-hidden=\"true\" class=\"fas fa-phone\"><\/i>\t\t\t<\/span>\n\t\t\t\t\t\t\t\t\t<span class=\"elementor-button-text\">NEEM CONTACT OP MET DE ADVIESDIENST<\/span>\n\t\t\t\t\t<\/span>\n\t\t\t\t\t<\/a>\n\t\t<\/div>\n\t\t\t\t<\/div>\n\t\t\t\t<\/div>\n\t\t\t\t\t<\/div>\n\t\t<\/div>\n\t\t\t\t<div class=\"elementor-column elementor-col-33 elementor-top-column elementor-element elementor-element-b9e5d81\" data-id=\"b9e5d81\" data-element_type=\"column\">\n\t\t\t<div class=\"elementor-widget-wrap elementor-element-populated\">\n\t\t\t\t\t\t\t<\/div>\n\t\t<\/div>\n\t\t\t\t<div class=\"elementor-column elementor-col-33 elementor-top-column elementor-element elementor-element-b58968a\" data-id=\"b58968a\" data-element_type=\"column\">\n\t\t\t<div class=\"elementor-widget-wrap elementor-element-populated\">\n\t\t\t\t\t\t<div class=\"elementor-element elementor-element-087bcfc elementor-view-default elementor-position-top elementor-mobile-position-top elementor-widget elementor-widget-icon-box\" data-id=\"087bcfc\" data-element_type=\"widget\" data-widget_type=\"icon-box.default\">\n\t\t\t\t<div class=\"elementor-widget-container\">\n\t\t\t\t\t<div class=\"elementor-icon-box-wrapper\">\n\n\t\t\t\t\t\t<div class=\"elementor-icon-box-icon\">\n\t\t\t\t<a href=\"https:\/\/www.liberon.be\/nl\/verkooppunten\/\" class=\"elementor-icon elementor-animation-\" tabindex=\"-1\">\n\t\t\t\t<i aria-hidden=\"true\" class=\"fas fa-map-marker-alt\"><\/i>\t\t\t\t<\/a>\n\t\t\t<\/div>\n\t\t\t\n\t\t\t\t\t\t<div class=\"elementor-icon-box-content\">\n\n\t\t\t\t\t\t\t\t\t<p class=\"elementor-icon-box-title\">\n\t\t\t\t\t\t<a href=\"https:\/\/www.liberon.be\/nl\/verkooppunten\/\" >\n\t\t\t\t\t\t\tWaar kopen?\t\t\t\t\t\t<\/a>\n\t\t\t\t\t<\/p>\n\t\t\t\t\n\t\t\t\t\t\t\t\t\t<p class=\"elementor-icon-box-description\">\n\t\t\t\t\t\tOntdek de producten van Lib\u00e9ron in ons netwerk van verkooppunten in Frankrijk.\t\t\t\t\t<\/p>\n\t\t\t\t\n\t\t\t<\/div>\n\t\t\t\n\t\t<\/div>\n\t\t\t\t<\/div>\n\t\t\t\t<\/div>\n\t\t\t\t<div class=\"elementor-element elementor-element-6d6ff7a elementor-align-center elementor-button-info classe-bouton elementor-widget elementor-widget-button\" data-id=\"6d6ff7a\" data-element_type=\"widget\" data-widget_type=\"button.default\">\n\t\t\t\t<div class=\"elementor-widget-container\">\n\t\t\t\t\t<div class=\"elementor-button-wrapper\">\n\t\t\t<a class=\"elementor-button elementor-button-link elementor-size-sm\" href=\"https:\/\/www.liberon.be\/nl\/verkooppunten\/\">\n\t\t\t\t\t\t<span class=\"elementor-button-content-wrapper\">\n\t\t\t\t\t\t<span class=\"elementor-button-icon elementor-align-icon-left\">\n\t\t\t\t<i aria-hidden=\"true\" class=\"fas fa-map-marker-alt\"><\/i>\t\t\t<\/span>\n\t\t\t\t\t\t\t\t\t<span class=\"elementor-button-text\">ZOEK EEN VERKOOPPUNT<\/span>\n\t\t\t\t\t<\/span>\n\t\t\t\t\t<\/a>\n\t\t<\/div>\n\t\t\t\t<\/div>\n\t\t\t\t<\/div>\n\t\t\t\t\t<\/div>\n\t\t<\/div>\n\t\t\t\t\t<\/div>\n\t\t<\/section>\n\t\t\t\t<section class=\"elementor-section elementor-top-section elementor-element elementor-element-4128fd2 elementor-section-boxed elementor-section-height-default elementor-section-height-default\" data-id=\"4128fd2\" data-element_type=\"section\">\n\t\t\t\t\t\t<div class=\"elementor-container elementor-column-gap-default\">\n\t\t\t\t\t<div class=\"elementor-column elementor-col-100 elementor-top-column elementor-element elementor-element-546f3bc\" data-id=\"546f3bc\" data-element_type=\"column\">\n\t\t\t<div class=\"elementor-widget-wrap elementor-element-populated\">\n\t\t\t\t\t\t<div class=\"elementor-element elementor-element-9631580 elementor-widget-divider--view-line elementor-widget elementor-widget-divider\" data-id=\"9631580\" data-element_type=\"widget\" data-widget_type=\"divider.default\">\n\t\t\t\t<div class=\"elementor-widget-container\">\n\t\t\t\t\t<div class=\"elementor-divider\">\n\t\t\t<span class=\"elementor-divider-separator\">\n\t\t\t\t\t\t<\/span>\n\t\t<\/div>\n\t\t\t\t<\/div>\n\t\t\t\t<\/div>\n\t\t\t\t\t<\/div>\n\t\t<\/div>\n\t\t\t\t\t<\/div>\n\t\t<\/section>\n\t\t\t\t<\/div>\n\t\t","protected":false},"excerpt":{"rendered":"<p>NOTENBEITS is een kleurstof op basis van bolsters. Dit product is ideaal om nieuw hout een oud voorkomen te geven, of om onvolkomenheden te maskeren. Het kan zowel binnen als buiten worden gebruikt en is in hoge mate lichtecht. Het is geschikt voor alle houtsoorten en verspreidt geen hinderlijke geur.<\/p>\n[elementor-template id=\"48459\"]\n","protected":false},"featured_media":84124,"template":"","meta":{"site-sidebar-layout":"default","site-content-layout":"default","ast-global-header-display":"","ast-main-header-display":"","ast-hfb-above-header-display":"","ast-hfb-below-header-display":"","ast-hfb-mobile-header-display":"","site-post-title":"","ast-breadcrumbs-content":"","ast-featured-img":"","footer-sml-layout":"","theme-transparent-header-meta":"default","adv-header-id-meta":"","stick-header-meta":"default","header-above-stick-meta":"","header-main-stick-meta":"","header-below-stick-meta":""},"product_cat":[4849,5145],"product_tag":[],"_links":{"self":[{"href":"https:\/\/www.liberon.be\/nl\/wp-json\/wp\/v2\/product\/84953"}],"collection":[{"href":"https:\/\/www.liberon.be\/nl\/wp-json\/wp\/v2\/product"}],"about":[{"href":"https:\/\/www.liberon.be\/nl\/wp-json\/wp\/v2\/types\/product"}],"version-history":[{"count":0,"href":"https:\/\/www.liberon.be\/nl\/wp-json\/wp\/v2\/product\/84953\/revisions"}],"wp:featuredmedia":[{"embeddable":true,"href":"https:\/\/www.liberon.be\/nl\/wp-json\/wp\/v2\/media\/84124"}],"wp:attachment":[{"href":"https:\/\/www.liberon.be\/nl\/wp-json\/wp\/v2\/media?parent=84953"}],"wp:term":[{"taxonomy":"product_cat","embeddable":true,"href":"https:\/\/www.liberon.be\/nl\/wp-json\/wp\/v2\/product_cat?post=84953"},{"taxonomy":"product_tag","embeddable":true,"href":"https:\/\/www.liberon.be\/nl\/wp-json\/wp\/v2\/product_tag?post=84953"}],"curies":[{"name":"wp","href":"https:\/\/api.w.org\/{rel}","templated":true}]}}