{"id":61698,"date":"2021-05-27T09:40:46","date_gmt":"2021-05-27T07:40:46","guid":{"rendered":"https:\/\/test.liberon.com\/verkooppunten\/"},"modified":"2022-01-24T12:45:09","modified_gmt":"2022-01-24T11:45:09","slug":"verkooppunten","status":"publish","type":"page","link":"https:\/\/www.liberon.be\/nl\/verkooppunten\/","title":{"rendered":"Verkooppunten"},"content":{"rendered":"\t\t<div data-elementor-type=\"wp-post\" data-elementor-id=\"61698\" class=\"elementor elementor-61698 elementor-77\">\n\t\t\t\t\t\t<section class=\"elementor-section elementor-top-section elementor-element elementor-element-09278ad elementor-section-boxed elementor-section-height-default elementor-section-height-default\" data-id=\"09278ad\" data-element_type=\"section\">\n\t\t\t\t\t\t<div class=\"elementor-container elementor-column-gap-default\">\n\t\t\t\t\t<div class=\"elementor-column elementor-col-100 elementor-top-column elementor-element elementor-element-467f3bc\" data-id=\"467f3bc\" data-element_type=\"column\">\n\t\t\t<div class=\"elementor-widget-wrap elementor-element-populated\">\n\t\t\t\t\t\t<div class=\"elementor-element elementor-element-85ac201 elementor-widget elementor-widget-heading\" data-id=\"85ac201\" data-element_type=\"widget\" data-widget_type=\"heading.default\">\n\t\t\t\t<div class=\"elementor-widget-container\">\n\t\t\t<h1 class=\"elementor-heading-title elementor-size-default\">Waar kan ik de producten van Lib\u00e9ron kopen?<\/h1>\t\t<\/div>\n\t\t\t\t<\/div>\n\t\t\t\t<div class=\"elementor-element elementor-element-2ddba83 elementor-widget elementor-widget-text-editor\" data-id=\"2ddba83\" data-element_type=\"widget\" data-widget_type=\"text-editor.default\">\n\t\t\t\t<div class=\"elementor-widget-container\">\n\t\t\t\t\t\t\t<p>(Her)ontdek alle producten die beschikbaar zijn in doe-het-zelfzaken bij u in de buurt.<br \/>De meeste verkooppunten van Lib\u00e9ron hebben een selectie van producten in de rekken. Aarzel dus niet om v\u00f3\u00f3r uw bezoek contact met hen op te nemen, om na te gaan of het product dat u interesseert wel beschikbaar is. Het telefoonnummer van uw winkel wordt weergegeven wanneer u op &#8220;Meer info&#8221; klikt.<\/p>\t\t\t\t\t\t<\/div>\n\t\t\t\t<\/div>\n\t\t\t\t\t<\/div>\n\t\t<\/div>\n\t\t\t\t\t<\/div>\n\t\t<\/section>\n\t\t\t\t<section class=\"elementor-section elementor-top-section elementor-element elementor-element-02e8fa2 elementor-section-boxed elementor-section-height-default elementor-section-height-default\" data-id=\"02e8fa2\" data-element_type=\"section\">\n\t\t\t\t\t\t<div class=\"elementor-container elementor-column-gap-default\">\n\t\t\t\t\t<div class=\"elementor-column elementor-col-100 elementor-top-column elementor-element elementor-element-bd2a208\" data-id=\"bd2a208\" data-element_type=\"column\">\n\t\t\t<div class=\"elementor-widget-wrap elementor-element-populated\">\n\t\t\t\t\t\t<div class=\"elementor-element elementor-element-bab2d60 elementor-widget elementor-widget-shortcode\" data-id=\"bab2d60\" data-element_type=\"widget\" data-widget_type=\"shortcode.default\">\n\t\t\t\t<div class=\"elementor-widget-container\">\n\t\t\t\t\t<div class=\"elementor-shortcode\"><style>\r\n\t#wpsl-stores .wpsl-store-thumb {height:45px !important; width:45px !important;}\r\n\t#wpsl-stores, #wpsl-direction-details, #wpsl-gmap {height:400px !important;}\r\n\t#wpsl-gmap .wpsl-info-window {max-width:225px !important;}\r\n\t.wpsl-input label, #wpsl-radius label, #wpsl-category label {width:95px;}\r\n\t#wpsl-search-input ,#wpsl-category .wpsl-dropdown {width:179px;}\r\n<\/style>\r\n<div id=\"wpsl-wrap\">\r\n\t<div class=\"wpsl-search wpsl-clearfix \">\r\n\t\t<div id=\"wpsl-search-wrap\">\r\n\t\t\t<form autocomplete=\"off\">\r\n\t\t\t<div class=\"wpsl-input\">\r\n\t\t\t\t<div><label for=\"wpsl-search-input\">Uw locatie<\/label><\/div>\r\n\t\t\t\t<input id=\"wpsl-search-input\" type=\"text\" value=\"\" name=\"wpsl-search-input\" placeholder=\"\" aria-required=\"true\" \/>\r\n\t\t\t<\/div>\r\n<div id=\"wpsl-category\">\r\n<label for=\"wpsl-category-list\">Categorie<\/label>\r\n<select  name='wpsl-category' id='wpsl-category-list' class='wpsl-dropdown'>\n\t<option value='0'>Alle<\/option>\n\t<option class=\"level-0\" value=\"4884\">Meubelverven en decoratieve effecten<\/option>\n\t<option class=\"level-0\" value=\"4882\">Muurverven &#8216;Velours de Peinture&#8217;<\/option>\n<\/select>\n<\/div>\r\n\t\t\t\t<div class=\"wpsl-search-btn-wrap\"><input id=\"wpsl-search-btn\" type=\"submit\" value=\"Zoek\"><\/div>\r\n\t\t<\/form>\r\n\t\t<\/div>\r\n\t<\/div>\r\n\t<div id=\"wpsl-gmap\" class=\"wpsl-gmap-canvas\"><\/div>\r\n\t<div id=\"wpsl-result-list\">\r\n\t\t<div id=\"wpsl-stores\" class=\"wpsl-not-loaded\">\r\n\t\t\t<ul><\/ul>\r\n\t\t<\/div>\r\n\t\t<div id=\"wpsl-direction-details\">\r\n\t\t\t<ul><\/ul>\r\n\t\t<\/div>\r\n\t<\/div>\r\n<\/div>\r\n<\/div>\n\t\t\t\t<\/div>\n\t\t\t\t<\/div>\n\t\t\t\t\t<\/div>\n\t\t<\/div>\n\t\t\t\t\t<\/div>\n\t\t<\/section>\n\t\t\t\t<\/div>\n\t\t","protected":false},"excerpt":{"rendered":"<p>Waar kan ik de producten van Lib\u00e9ron kopen? (Her)ontdek alle producten die beschikbaar zijn in doe-het-zelfzaken bij u in de buurt. De meeste verkooppunten van Lib\u00e9ron hebben een selectie van producten in de rekken. Aarzel dus niet om v\u00f3\u00f3r uw bezoek contact met hen op te nemen, om na te gaan of het product dat &hellip;<\/p>\n<p class=\"read-more\"> <a class=\"\" href=\"https:\/\/www.liberon.be\/nl\/verkooppunten\/\"> <span class=\"screen-reader-text\">Verkooppunten<\/span> Lees meer &raquo;<\/a><\/p>\n","protected":false},"author":8301,"featured_media":0,"parent":0,"menu_order":0,"comment_status":"closed","ping_status":"closed","template":"","meta":{"site-sidebar-layout":"default","site-content-layout":"default","ast-global-header-display":"","ast-main-header-display":"","ast-hfb-above-header-display":"","ast-hfb-below-header-display":"","ast-hfb-mobile-header-display":"","site-post-title":"disabled","ast-breadcrumbs-content":"","ast-featured-img":"","footer-sml-layout":"","theme-transparent-header-meta":"default","adv-header-id-meta":"","stick-header-meta":"default","header-above-stick-meta":"","header-main-stick-meta":"","header-below-stick-meta":"","footnotes":""},"_links":{"self":[{"href":"https:\/\/www.liberon.be\/nl\/wp-json\/wp\/v2\/pages\/61698"}],"collection":[{"href":"https:\/\/www.liberon.be\/nl\/wp-json\/wp\/v2\/pages"}],"about":[{"href":"https:\/\/www.liberon.be\/nl\/wp-json\/wp\/v2\/types\/page"}],"author":[{"embeddable":true,"href":"https:\/\/www.liberon.be\/nl\/wp-json\/wp\/v2\/users\/8301"}],"replies":[{"embeddable":true,"href":"https:\/\/www.liberon.be\/nl\/wp-json\/wp\/v2\/comments?post=61698"}],"version-history":[{"count":0,"href":"https:\/\/www.liberon.be\/nl\/wp-json\/wp\/v2\/pages\/61698\/revisions"}],"wp:attachment":[{"href":"https:\/\/www.liberon.be\/nl\/wp-json\/wp\/v2\/media?parent=61698"}],"curies":[{"name":"wp","href":"https:\/\/api.w.org\/{rel}","templated":true}]}}